{"id":3380,"date":"2025-10-28T04:18:57","date_gmt":"2025-10-28T04:18:57","guid":{"rendered":"https:\/\/yaovisions.com\/?post_type=product&#038;p=3380"},"modified":"2026-01-04T07:47:23","modified_gmt":"2026-01-04T07:47:23","slug":"acala-%e4%b8%8d%e5%8b%95%e6%98%8e%e7%8e%8b","status":"publish","type":"product","link":"https:\/\/yaovisions.com\/ja\/product\/acala-%e4%b8%8d%e5%8b%95%e6%98%8e%e7%8e%8b\/","title":{"rendered":"Acala (\u4e0d\u52d5\u660e\u738b)"},"content":{"rendered":"<p data-start=\"1104\" data-end=\"1122\"><strong data-start=\"1104\" data-end=\"1120\">Acala (\u4e0d\u52d5\u660e\u738b)<\/strong><\/p>\n<p data-start=\"1124\" data-end=\"1391\"><em data-start=\"1124\" data-end=\"1318\">\u201cFud\u014d My\u014d\u014d compassionately burns, clears, and binds our passions, suffering, and pain, guiding us toward truth. Appearing with the Kurikara Dragon, he purifies the mind and offers protection.\u201d<\/em><br data-start=\"1318\" data-end=\"1321\" \/>\u4e0d\u52d5\u660e\u738b\u306f\u6148\u60b2\u3067\u79c1\u9054\u306e\u7169\u60a9\u3001\u82e6\u3057\u307f\u3001\u75db\u307f\u3092\u713c\u304d\u5207\u308a\u3001\u6255\u3044\u3001\u305d\u3057\u3066\u3072\u3082\u3067\u304f\u304f\u3063\u3066\u304f\u308c\u308b\u3002\u5036\u5229\u4f3d\u7f85\u9f8d\u3068\u3068\u3082\u306b\u73fe\u308c\u3001\u5fc3\u3092\u6d44\u5316\u3057\u5b88\u8b77\u3057\u3066\u304f\u308c\u308b\u3002<\/p>\n<p data-start=\"1393\" data-end=\"1755\">This painting depicts <strong data-start=\"1415\" data-end=\"1428\">Fud\u014d My\u014d\u014d<\/strong>, the Wisdom King, accompanied by the <strong data-start=\"1466\" data-end=\"1485\">Kurikara Dragon<\/strong>, a symbol of purification and spiritual power.<br data-start=\"1532\" data-end=\"1535\" \/>Created with <strong data-start=\"1548\" data-end=\"1583\">high-purity precipitated indigo<\/strong>, <strong data-start=\"1585\" data-end=\"1613\">bengara natural pigments<\/strong>, <strong data-start=\"1615\" data-end=\"1626\">tempera<\/strong>, and <strong data-start=\"1632\" data-end=\"1649\">oil on canvas<\/strong>, <em data-start=\"1651\" data-end=\"1658\">Acala<\/em> conveys the transformative energy that burns away suffering and illuminates the path to truth.<\/p>\n<p data-start=\"1757\" data-end=\"1936\">The deep indigo and earthy tones evoke spiritual depth, while the dragon\u2019s dynamic form channels protection and purification \u2014 a meditation on strength, compassion, and clarity.<\/p>\n<p data-start=\"1938\" data-end=\"2146\"><strong data-start=\"1938\" data-end=\"1952\">Materials:<\/strong> High-purity precipitated indigo, bengara natural pigment, tempera, oil on canvas<br data-start=\"2033\" data-end=\"2036\" \/><strong data-start=\"2036\" data-end=\"2045\">Size:<\/strong> 40.5 \u00d7 50.5 cm<\/p>\n<p data-start=\"1938\" data-end=\"2146\"><strong data-start=\"2081\" data-end=\"2103\">Shipping to AUS:<\/strong>\u00a0 AUD $30<\/p>\n<p data-start=\"1938\" data-end=\"2146\"><strong data-start=\"2081\" data-end=\"2103\">Shipping to Japan:<\/strong> Approx. AUD $60<\/p>\n<p data-start=\"1938\" data-end=\"2146\"><strong data-start=\"2122\" data-end=\"2133\">Artist:<\/strong> Yao Mikami<\/p>","protected":false},"excerpt":{"rendered":"<p>Discover <em data-start=\"484\" data-end=\"498\">Acala (\u4e0d\u52d5\u660e\u738b)<\/em>, a Japanese indigo artwork by Yao Mikami. Painted with high-purity indigo, bengara pigments, tempera, and oil on canvas, this piece depicts Fud\u014d My\u014d\u014d with the Kurikara Dragon \u2014 purifying the mind, offering protection, and guiding toward truth. &hellip; <a href=\"https:\/\/yaovisions.com\/ja\/product\/acala-%e4%b8%8d%e5%8b%95%e6%98%8e%e7%8e%8b\/\" class=\"more-link\"><span>Continue reading<span class=\"screen-reader-text\">Acala (\u4e0d\u52d5\u660e\u738b)<\/span><\/span><\/a><\/p>","protected":false},"featured_media":3381,"comment_status":"closed","ping_status":"closed","template":"","meta":{"_eb_attr":""},"product_brand":[],"product_cat":[27,37,36,35],"product_tag":[],"class_list":{"0":"post-3380","1":"product","2":"type-product","3":"status-publish","4":"has-post-thumbnail","6":"product_cat-dragon-art","7":"product_cat-indigo-pigment","8":"product_cat-japanese-theme","9":"product_cat-natural-pigment","10":"product_shipping_class-small-art","12":"first","13":"outofstock","14":"shipping-taxable","15":"purchasable","16":"product-type-simple"},"yoast_head":"<!-- This site is optimized with the Yoast SEO plugin v27.3 - https:\/\/yoast.com\/product\/yoast-seo-wordpress\/ -->\n<title>Acala (\u4e0d\u52d5\u660e\u738b) | Yao Mikami<\/title>\n<meta name=\"description\" content=\"Discover Acala (\u4e0d\u52d5\u660e\u738b), a Japanese indigo artwork by Yao Mikami. Painted with high-purity indigo, bengara pigments, tempera, and oil on canvas, this piece depicts Fud\u014d My\u014d\u014d with the Kurikara Dragon \u2014 purifying the mind, offering protection, and guiding toward truth.\" \/>\n<meta name=\"robots\" content=\"index, follow, max-snippet:-1, max-image-preview:large, max-video-preview:-1\" \/>\n<link rel=\"canonical\" href=\"https:\/\/yaovisions.com\/ja\/product\/acala-\u4e0d\u52d5\u660e\u738b\/\" \/>\n<meta property=\"og:locale\" content=\"ja_JP\" \/>\n<meta property=\"og:type\" content=\"article\" \/>\n<meta property=\"og:title\" content=\"Acala (\u4e0d\u52d5\u660e\u738b) | Yao Mikami\" \/>\n<meta property=\"og:description\" content=\"Discover Acala (\u4e0d\u52d5\u660e\u738b), a Japanese indigo artwork by Yao Mikami. Painted with high-purity indigo, bengara pigments, tempera, and oil on canvas, this piece depicts Fud\u014d My\u014d\u014d with the Kurikara Dragon \u2014 purifying the mind, offering protection, and guiding toward truth.\" \/>\n<meta property=\"og:url\" content=\"https:\/\/yaovisions.com\/ja\/product\/acala-\u4e0d\u52d5\u660e\u738b\/\" \/>\n<meta property=\"og:site_name\" content=\"Yao Mikami\" \/>\n<meta property=\"article:modified_time\" content=\"2026-01-04T07:47:23+00:00\" \/>\n<meta property=\"og:image\" content=\"http:\/\/yaovisions.com\/wp-content\/uploads\/2025\/10\/IMG_0366.jpg\" \/>\n\t<meta property=\"og:image:width\" content=\"900\" \/>\n\t<meta property=\"og:image:height\" content=\"1200\" \/>\n\t<meta property=\"og:image:type\" content=\"image\/jpeg\" \/>\n<meta name=\"twitter:card\" content=\"summary_large_image\" \/>\n<meta name=\"twitter:label1\" content=\"\u63a8\u5b9a\u8aad\u307f\u53d6\u308a\u6642\u9593\" \/>\n\t<meta name=\"twitter:data1\" content=\"1\u5206\" \/>\n<script type=\"application\/ld+json\" class=\"yoast-schema-graph\">{\"@context\":\"https:\\\/\\\/schema.org\",\"@graph\":[{\"@type\":\"WebPage\",\"@id\":\"https:\\\/\\\/yaovisions.com\\\/product\\\/acala-%e4%b8%8d%e5%8b%95%e6%98%8e%e7%8e%8b\\\/\",\"url\":\"https:\\\/\\\/yaovisions.com\\\/product\\\/acala-%e4%b8%8d%e5%8b%95%e6%98%8e%e7%8e%8b\\\/\",\"name\":\"Acala (\u4e0d\u52d5\u660e\u738b) | Yao Mikami\",\"isPartOf\":{\"@id\":\"https:\\\/\\\/yaovisions.com\\\/#website\"},\"primaryImageOfPage\":{\"@id\":\"https:\\\/\\\/yaovisions.com\\\/product\\\/acala-%e4%b8%8d%e5%8b%95%e6%98%8e%e7%8e%8b\\\/#primaryimage\"},\"image\":{\"@id\":\"https:\\\/\\\/yaovisions.com\\\/product\\\/acala-%e4%b8%8d%e5%8b%95%e6%98%8e%e7%8e%8b\\\/#primaryimage\"},\"thumbnailUrl\":\"https:\\\/\\\/yaovisions.com\\\/wp-content\\\/uploads\\\/2025\\\/10\\\/IMG_0366.jpg\",\"datePublished\":\"2025-10-28T04:18:57+00:00\",\"dateModified\":\"2026-01-04T07:47:23+00:00\",\"description\":\"Discover Acala (\u4e0d\u52d5\u660e\u738b), a Japanese indigo artwork by Yao Mikami. Painted with high-purity indigo, bengara pigments, tempera, and oil on canvas, this piece depicts Fud\u014d My\u014d\u014d with the Kurikara Dragon \u2014 purifying the mind, offering protection, and guiding toward truth.\",\"breadcrumb\":{\"@id\":\"https:\\\/\\\/yaovisions.com\\\/product\\\/acala-%e4%b8%8d%e5%8b%95%e6%98%8e%e7%8e%8b\\\/#breadcrumb\"},\"inLanguage\":\"ja\",\"potentialAction\":[{\"@type\":\"ReadAction\",\"target\":[\"https:\\\/\\\/yaovisions.com\\\/product\\\/acala-%e4%b8%8d%e5%8b%95%e6%98%8e%e7%8e%8b\\\/\"]}]},{\"@type\":\"ImageObject\",\"inLanguage\":\"ja\",\"@id\":\"https:\\\/\\\/yaovisions.com\\\/product\\\/acala-%e4%b8%8d%e5%8b%95%e6%98%8e%e7%8e%8b\\\/#primaryimage\",\"url\":\"https:\\\/\\\/yaovisions.com\\\/wp-content\\\/uploads\\\/2025\\\/10\\\/IMG_0366.jpg\",\"contentUrl\":\"https:\\\/\\\/yaovisions.com\\\/wp-content\\\/uploads\\\/2025\\\/10\\\/IMG_0366.jpg\",\"width\":900,\"height\":1200},{\"@type\":\"BreadcrumbList\",\"@id\":\"https:\\\/\\\/yaovisions.com\\\/product\\\/acala-%e4%b8%8d%e5%8b%95%e6%98%8e%e7%8e%8b\\\/#breadcrumb\",\"itemListElement\":[{\"@type\":\"ListItem\",\"position\":1,\"name\":\"Home\",\"item\":\"https:\\\/\\\/yaovisions.com\\\/\"},{\"@type\":\"ListItem\",\"position\":2,\"name\":\"Acala (\u4e0d\u52d5\u660e\u738b)\"}]},{\"@type\":\"WebSite\",\"@id\":\"https:\\\/\\\/yaovisions.com\\\/#website\",\"url\":\"https:\\\/\\\/yaovisions.com\\\/\",\"name\":\"Yao Mikami\",\"description\":\"Multimedia Visual Artist \",\"potentialAction\":[{\"@type\":\"SearchAction\",\"target\":{\"@type\":\"EntryPoint\",\"urlTemplate\":\"https:\\\/\\\/yaovisions.com\\\/?s={search_term_string}\"},\"query-input\":{\"@type\":\"PropertyValueSpecification\",\"valueRequired\":true,\"valueName\":\"search_term_string\"}}],\"inLanguage\":\"ja\"}]}<\/script>\n<!-- \/ Yoast SEO plugin. -->","yoast_head_json":{"title":"Acala (\u4e0d\u52d5\u660e\u738b) | Yao Mikami","description":"Discover Acala (\u4e0d\u52d5\u660e\u738b), a Japanese indigo artwork by Yao Mikami. Painted with high-purity indigo, bengara pigments, tempera, and oil on canvas, this piece depicts Fud\u014d My\u014d\u014d with the Kurikara Dragon \u2014 purifying the mind, offering protection, and guiding toward truth.","robots":{"index":"index","follow":"follow","max-snippet":"max-snippet:-1","max-image-preview":"max-image-preview:large","max-video-preview":"max-video-preview:-1"},"canonical":"https:\/\/yaovisions.com\/ja\/product\/acala-\u4e0d\u52d5\u660e\u738b\/","og_locale":"ja_JP","og_type":"article","og_title":"Acala (\u4e0d\u52d5\u660e\u738b) | Yao Mikami","og_description":"Discover Acala (\u4e0d\u52d5\u660e\u738b), a Japanese indigo artwork by Yao Mikami. Painted with high-purity indigo, bengara pigments, tempera, and oil on canvas, this piece depicts Fud\u014d My\u014d\u014d with the Kurikara Dragon \u2014 purifying the mind, offering protection, and guiding toward truth.","og_url":"https:\/\/yaovisions.com\/ja\/product\/acala-\u4e0d\u52d5\u660e\u738b\/","og_site_name":"Yao Mikami","article_modified_time":"2026-01-04T07:47:23+00:00","og_image":[{"width":900,"height":1200,"url":"http:\/\/yaovisions.com\/wp-content\/uploads\/2025\/10\/IMG_0366.jpg","type":"image\/jpeg"}],"twitter_card":"summary_large_image","twitter_misc":{"\u63a8\u5b9a\u8aad\u307f\u53d6\u308a\u6642\u9593":"1\u5206"},"schema":{"@context":"https:\/\/schema.org","@graph":[{"@type":"WebPage","@id":"https:\/\/yaovisions.com\/product\/acala-%e4%b8%8d%e5%8b%95%e6%98%8e%e7%8e%8b\/","url":"https:\/\/yaovisions.com\/product\/acala-%e4%b8%8d%e5%8b%95%e6%98%8e%e7%8e%8b\/","name":"Acala (\u4e0d\u52d5\u660e\u738b) | Yao Mikami","isPartOf":{"@id":"https:\/\/yaovisions.com\/#website"},"primaryImageOfPage":{"@id":"https:\/\/yaovisions.com\/product\/acala-%e4%b8%8d%e5%8b%95%e6%98%8e%e7%8e%8b\/#primaryimage"},"image":{"@id":"https:\/\/yaovisions.com\/product\/acala-%e4%b8%8d%e5%8b%95%e6%98%8e%e7%8e%8b\/#primaryimage"},"thumbnailUrl":"https:\/\/yaovisions.com\/wp-content\/uploads\/2025\/10\/IMG_0366.jpg","datePublished":"2025-10-28T04:18:57+00:00","dateModified":"2026-01-04T07:47:23+00:00","description":"Discover Acala (\u4e0d\u52d5\u660e\u738b), a Japanese indigo artwork by Yao Mikami. Painted with high-purity indigo, bengara pigments, tempera, and oil on canvas, this piece depicts Fud\u014d My\u014d\u014d with the Kurikara Dragon \u2014 purifying the mind, offering protection, and guiding toward truth.","breadcrumb":{"@id":"https:\/\/yaovisions.com\/product\/acala-%e4%b8%8d%e5%8b%95%e6%98%8e%e7%8e%8b\/#breadcrumb"},"inLanguage":"ja","potentialAction":[{"@type":"ReadAction","target":["https:\/\/yaovisions.com\/product\/acala-%e4%b8%8d%e5%8b%95%e6%98%8e%e7%8e%8b\/"]}]},{"@type":"ImageObject","inLanguage":"ja","@id":"https:\/\/yaovisions.com\/product\/acala-%e4%b8%8d%e5%8b%95%e6%98%8e%e7%8e%8b\/#primaryimage","url":"https:\/\/yaovisions.com\/wp-content\/uploads\/2025\/10\/IMG_0366.jpg","contentUrl":"https:\/\/yaovisions.com\/wp-content\/uploads\/2025\/10\/IMG_0366.jpg","width":900,"height":1200},{"@type":"BreadcrumbList","@id":"https:\/\/yaovisions.com\/product\/acala-%e4%b8%8d%e5%8b%95%e6%98%8e%e7%8e%8b\/#breadcrumb","itemListElement":[{"@type":"ListItem","position":1,"name":"Home","item":"https:\/\/yaovisions.com\/"},{"@type":"ListItem","position":2,"name":"Acala (\u4e0d\u52d5\u660e\u738b)"}]},{"@type":"WebSite","@id":"https:\/\/yaovisions.com\/#website","url":"https:\/\/yaovisions.com\/","name":"Yao Mikami","description":"Multimedia Visual Artist","potentialAction":[{"@type":"SearchAction","target":{"@type":"EntryPoint","urlTemplate":"https:\/\/yaovisions.com\/?s={search_term_string}"},"query-input":{"@type":"PropertyValueSpecification","valueRequired":true,"valueName":"search_term_string"}}],"inLanguage":"ja"}]}},"_links":{"self":[{"href":"https:\/\/yaovisions.com\/ja\/wp-json\/wp\/v2\/product\/3380","targetHints":{"allow":["GET"]}}],"collection":[{"href":"https:\/\/yaovisions.com\/ja\/wp-json\/wp\/v2\/product"}],"about":[{"href":"https:\/\/yaovisions.com\/ja\/wp-json\/wp\/v2\/types\/product"}],"replies":[{"embeddable":true,"href":"https:\/\/yaovisions.com\/ja\/wp-json\/wp\/v2\/comments?post=3380"}],"wp:featuredmedia":[{"embeddable":true,"href":"https:\/\/yaovisions.com\/ja\/wp-json\/wp\/v2\/media\/3381"}],"wp:attachment":[{"href":"https:\/\/yaovisions.com\/ja\/wp-json\/wp\/v2\/media?parent=3380"}],"wp:term":[{"taxonomy":"product_brand","embeddable":true,"href":"https:\/\/yaovisions.com\/ja\/wp-json\/wp\/v2\/product_brand?post=3380"},{"taxonomy":"product_cat","embeddable":true,"href":"https:\/\/yaovisions.com\/ja\/wp-json\/wp\/v2\/product_cat?post=3380"},{"taxonomy":"product_tag","embeddable":true,"href":"https:\/\/yaovisions.com\/ja\/wp-json\/wp\/v2\/product_tag?post=3380"}],"curies":[{"name":"wp","href":"https:\/\/api.w.org\/{rel}","templated":true}]}}